{"id":32369,"date":"2024-02-06T17:31:00","date_gmt":"2024-02-06T16:31:00","guid":{"rendered":"https:\/\/www.keravel.com\/locations-de-vacances\/"},"modified":"2026-04-01T12:30:58","modified_gmt":"2026-04-01T11:30:58","slug":"locations-de-vacances","status":"publish","type":"page","link":"https:\/\/www.keravel.com\/de\/locations-de-vacances\/","title":{"rendered":"Ferienwohnungen"},"content":{"rendered":"<p>[et_pb_section fb_built=&#8220;1&#8243; _builder_version=&#8220;4.24.2&#8243; background_image=&#8220;https:\/\/www.keravel.com\/wp-content\/uploads\/tiny-house-domaine-de-keravel-01-scaled-1.jpg&#8220; min_height=&#8220;1000px&#8220; height=&#8220;1000px&#8220; custom_margin=&#8220;-300px||||false|false&#8220; custom_padding=&#8220;||||false|false&#8220; bottom_divider_color=&#8220;#ffffff&#8220; bottom_divider_height=&#8220;50px&#8220; bottom_divider_flip=&#8220;horizontal&#8220; locked=&#8220;off&#8220; global_colors_info=&#8220;{}&#8220;][et_pb_row column_structure=&#8220;3_5,2_5&#8243; _builder_version=&#8220;4.24.2&#8243; module_alignment=&#8220;center&#8220; custom_margin=&#8220;||||false|false&#8220; custom_padding=&#8220;400px||||false|false&#8220; global_colors_info=&#8220;{}&#8220;][et_pb_column type=&#8220;3_5&#8243; _builder_version=&#8220;4.24.0&#8243; custom_padding=&#8220;|||&#8220; global_colors_info=&#8220;{}&#8220; custom_padding__hover=&#8220;|||&#8220;][et_pb_text ul_position=&#8220;inside&#8220; ul_item_indent=&#8220;20px&#8220; ul_item_indent_tablet=&#8220;20px&#8220; ul_item_indent_phone=&#8220;0px&#8220; ul_item_indent_last_edited=&#8220;on|phone&#8220; _builder_version=&#8220;4.24.2&#8243; _module_preset=&#8220;default&#8220; text_text_color=&#8220;#FFFFFF&#8220; ul_font=&#8220;|600|on||||||&#8220; ul_text_align=&#8220;right&#8220; ul_text_color=&#8220;#FFFFFF&#8220; ul_font_size=&#8220;20px&#8220; header_font=&#8220;Abhaya Libre||||||||&#8220; header_text_align=&#8220;right&#8220; header_text_color=&#8220;#FFFFFF&#8220; header_font_size=&#8220;50px&#8220; header_2_font=&#8220;||||||||&#8220; header_2_text_color=&#8220;#FFFFFF&#8220; header_2_font_size=&#8220;25px&#8220; max_width=&#8220;100%&#8220; custom_margin=&#8220;||||false|false&#8220; custom_padding=&#8220;30px|30px|30px|30px|true|true&#8220; custom_padding_tablet=&#8220;30px|30px|30px|30px|true|true&#8220; custom_padding_phone=&#8220;0px|0px|0px|0px|true|true&#8220; custom_padding_last_edited=&#8220;on|phone&#8220; text_font_size_tablet=&#8220;&#8220; text_font_size_phone=&#8220;12px&#8220; text_font_size_last_edited=&#8220;on|phone&#8220; ul_font_size_tablet=&#8220;20px&#8220; ul_font_size_phone=&#8220;15px&#8220; ul_font_size_last_edited=&#8220;on|phone&#8220; ul_line_height_phone=&#8220;0.9em&#8220; ul_line_height_last_edited=&#8220;off|phone&#8220; header_font_size_tablet=&#8220;50px&#8220; header_font_size_phone=&#8220;40px&#8220; header_font_size_last_edited=&#8220;on|phone&#8220; header_line_height_tablet=&#8220;&#8220; header_line_height_phone=&#8220;0.8em&#8220; header_line_height_last_edited=&#8220;on|phone&#8220; header_2_font_size_tablet=&#8220;25px&#8220; header_2_font_size_phone=&#8220;20px&#8220; header_2_font_size_last_edited=&#8220;on|phone&#8220; header_text_shadow_style=&#8220;preset1&#8243; header_text_shadow_vertical_length=&#8220;0em&#8220; header_text_shadow_blur_strength=&#8220;0.12em&#8220; header_text_shadow_color=&#8220;#3D4F5A&#8220; border_radii=&#8220;on|13px|13px|13px|13px&#8220; global_colors_info=&#8220;{}&#8220;]<\/p>\n<h1>Hier finden Sie unsere verschiedenen Ferienwohnungen.<\/h1>\n<ul>\n<li>Die 3 Ferienh\u00e4user, 4 Apartments und Tiny Houses sind ganzj\u00e4hrig ge\u00f6ffnet.<\/li>\n<li>Die Zelte k\u00f6nnen unter bestimmten Bedingungen von Mitte Mai bis Ende September gebucht werden.<\/li>\n<li>Wir empfehlen Ihnen dringend, sich f\u00fcr Buchungen direkt an uns zu wenden oder unsere Online-Buchungsplattform zu nutzen.<\/li>\n<\/ul>\n<p>[\/et_pb_text][et_pb_button button_url=&#8220;&lt;!&#8211;&#091;CDATA&#091;https:\/\/booking.roomcloud.net\/be\/se2\/hotel.jsp?hotel=10992&#093;&#093;&#8211;&gt;&#8220; button_text=&#8220;Buchung &amp; Verf\u00fcgbarkeit&#8220; button_alignment=&#8220;right&#8220; _builder_version=&#8220;4.27.4&#8243; _module_preset=&#8220;default&#8220; custom_button=&#8220;on&#8220; button_text_size=&#8220;24px&#8220; button_text_color=&#8220;#3A505B&#8220; button_bg_color=&#8220;#ffffff&#8220; button_border_width=&#8220;0px&#8220; button_border_color=&#8220;#3A505B&#8220; button_border_radius=&#8220;0px&#8220; button_letter_spacing=&#8220;1px&#8220; button_font=&#8220;||on||||||&#8220; button_use_icon=&#8220;off&#8220; button_font_last_edited=&#8220;off|desktop&#8220; box_shadow_style=&#8220;preset1&#8243; global_colors_info=&#8220;{}&#8220; button_letter_spacing__hover_enabled=&#8220;on|hover&#8220; button_letter_spacing__hover=&#8220;2px&#8220;][\/et_pb_button][\/et_pb_column][et_pb_column type=&#8220;2_5&#8243; _builder_version=&#8220;4.16&#8243; custom_padding=&#8220;|||&#8220; global_colors_info=&#8220;{}&#8220; custom_padding__hover=&#8220;|||&#8220;][et_pb_sidebar admin_label=&#8220;formulaire reservation saidebar&#8220; _builder_version=&#8220;4.24.2&#8243; background_color=&#8220;#FFFFFF&#8220; text_orientation=&#8220;left&#8220; module_alignment=&#8220;center&#8220; custom_margin=&#8220;||||false|false&#8220; custom_padding=&#8220;10px|10px|20px|10px|false|true&#8220; border_radii=&#8220;on|10px|10px|10px|10px&#8220; global_colors_info=&#8220;{}&#8220;][\/et_pb_sidebar][\/et_pb_column][\/et_pb_row][\/et_pb_section][et_pb_section fb_built=&#8220;1&#8243; admin_label=&#8220;section&#8220; _builder_version=&#8220;4.24.0&#8243; background_color=&#8220;#FFFFFF&#8220; parallax=&#8220;on&#8220; parallax_method=&#8220;off&#8220; custom_margin=&#8220;0px||0px&#8220; custom_padding=&#8220;0px||0px&#8220; bottom_divider_color=&#8220;RGBA(255,255,255,0)&#8220; bottom_divider_height=&#8220;50px&#8220; bottom_divider_repeat=&#8220;2x&#8220; transparent_background=&#8220;off&#8220; global_colors_info=&#8220;{}&#8220;][et_pb_row admin_label=&#8220;Reihe&#8220; _builder_version=&#8220;4.27.6&#8243; background_size=&#8220;initial&#8220; background_position=&#8220;top_left&#8220; background_repeat=&#8220;repeat&#8220; width=&#8220;100%&#8220; max_width=&#8220;2560px&#8220; custom_padding=&#8220;40px|40px|40px|40px|false|false&#8220; global_colors_info=&#8220;{}&#8220;][et_pb_column type=&#8220;4_4&#8243; _builder_version=&#8220;4.27.6&#8243; background_color=&#8220;RGBA(255,255,255,0)&#8220; custom_padding=&#8220;|||&#8220; global_colors_info=&#8220;{}&#8220; custom_padding__hover=&#8220;|||&#8220;][et_pb_portfolio fullwidth=&#8220;off&#8220; posts_number=&#8220;6&#8243; include_categories=&#8220;2&#8243; show_categories=&#8220;off&#8220; show_pagination=&#8220;off&#8220; zoom_icon_color=&#8220;RGBA(255,255,255,0)&#8220; hover_overlay_color=&#8220;rgba(0,0,0,0.13)&#8220; module_class=&#8220;three-column-portfolio&#8220; _builder_version=&#8220;4.27.6&#8243; _module_preset=&#8220;default&#8220; title_font=&#8220;||||||||&#8220; title_font_size=&#8220;30px&#8220; background_color=&#8220;RGBA(255,255,255,0)&#8220; text_orientation=&#8220;left&#8220; width=&#8220;100%&#8220; max_width=&#8220;100%&#8220; module_alignment=&#8220;left&#8220; custom_margin=&#8220;|0px|0px|0px|false|false&#8220; custom_padding=&#8220;0px|0px|0px|0px|false|false&#8220; hover_enabled=&#8220;0&#8243; custom_css_free_form=&#8220;\/* 3 Column Portfolio *\/||@media (min-width: 981px) {||    .three-column-portfolio .et_pb_grid_item {||        width: 31%!important;||        margin-right: 3%!important;  ||    }||  ||    .three-column-portfolio .et_pb_grid_item:nth-child(3n) {||        margin-right: 0!important;||    }||  ||    .three-column-portfolio.et_pb_grid_item:nth-child(4n) {||        margin-right: 3%!important;||    }||  ||    .three-column-portfolio .et_pb_grid_item.et_pb_portfolio_item:nth-child(4n+1) {||        clear: none!important;||    }||    .three-column-portfolio .et_pb_grid_item.first_in_row {||        clear: unset;||    }||}&#8220; border_style_all=&#8220;ridge&#8220; global_colors_info=&#8220;{}&#8220; title_font_size__hover_enabled=&#8220;off|hover&#8220; title_font_size__hover=&#8220;30px&#8220; title_text_color__hover_enabled=&#8220;on|desktop&#8220; title_text_color__hover=&#8220;#6F8708&#8243; sticky_enabled=&#8220;0&#8243; min_height=&#8220;350px&#8220;][\/et_pb_portfolio][\/et_pb_column][\/et_pb_row][\/et_pb_section][et_pb_section fb_built=&#8220;1&#8243; specialty=&#8220;on&#8220; _builder_version=&#8220;4.21.0&#8243; _module_preset=&#8220;default&#8220; custom_margin=&#8220;0px||||false|false&#8220; custom_padding=&#8220;0px||||false|false&#8220; global_colors_info=&#8220;{}&#8220;][et_pb_column type=&#8220;1_2&#8243; specialty_columns=&#8220;2&#8243; _builder_version=&#8220;4.16&#8243; _module_preset=&#8220;default&#8220; custom_padding=&#8220;|||&#8220; global_colors_info=&#8220;{}&#8220; custom_padding__hover=&#8220;|||&#8220;][et_pb_row_inner column_structure=&#8220;1_2,1_2&#8243; _builder_version=&#8220;4.21.0&#8243; _module_preset=&#8220;default&#8220; custom_margin=&#8220;0px||||false|false&#8220; custom_padding=&#8220;0px||||false|false&#8220; global_colors_info=&#8220;{}&#8220;][et_pb_column_inner type=&#8220;1_2&#8243; saved_specialty_column_type=&#8220;1_2&#8243; _builder_version=&#8220;4.21.0&#8243; _module_preset=&#8220;default&#8220; global_colors_info=&#8220;{}&#8220;][et_pb_accordion _builder_version=&#8220;4.27.4&#8243; _module_preset=&#8220;default&#8220; global_colors_info=&#8220;{}&#8220;][et_pb_accordion_item title=&#8220;Besichtigungen und Preise auf Anfrage erh\u00e4ltlich.&#8220; open=&#8220;on&#8220; _builder_version=&#8220;4.27.4&#8243; _module_preset=&#8220;default&#8220; custom_margin=&#8220;0px||0px||false|false&#8220; global_colors_info=&#8220;{}&#8220;]<\/p>\n<p>Gerne k\u00f6nnen Sie uns f\u00fcr ein Angebot und zur Vereinbarung eines Besichtigungstermins kontaktieren.<\/p>\n<p>[\/et_pb_accordion_item][et_pb_accordion_item title=&#8220;Zwei Empfangs- und Seminarr\u00e4ume&#8220; _builder_version=&#8220;4.27.4&#8243; _module_preset=&#8220;default&#8220; custom_margin=&#8220;0px||0px||false|false&#8220; global_colors_info=&#8220;{}&#8220; open=&#8220;off&#8220;]<\/p>\n<p>Ein Zimmer befindet sich in den Gew\u00f6lbekellern des Herrenhauses aus dem 19. Jahrhundert, das andere im Herzen des Parks.<\/p>\n<p>[\/et_pb_accordion_item][et_pb_accordion_item title=&#8220;Verschiedene Unterkunftsarten verf\u00fcgbar&#8220; _builder_version=&#8220;4.27.4&#8243; _module_preset=&#8220;default&#8220; custom_margin=&#8220;0px||0px||false|false&#8220; global_colors_info=&#8220;{}&#8220; open=&#8220;off&#8220;]<\/p>\n<div class=\"et_pb_toggle_content clearfix\" style=\"display: block;\">\n<div class=\"gmail_default\">4 Wohnungen innerhalb des Herrenhauses<\/div>\n<div class=\"gmail_default\">2 Ferienh\u00e4user<\/div>\n<div class=\"gmail_default\">Sieben winzige H\u00e4user sind im gesamten Park verteilt.<\/div>\n<div class=\"gmail_default\">7 Safarizelte (Mai bis September)<\/div>\n<\/div>\n<p>[\/et_pb_accordion_item][et_pb_accordion_item title=&#8220;M\u00f6bel vorhanden&#8220; _builder_version=&#8220;4.27.4&#8243; _module_preset=&#8220;default&#8220; custom_margin=&#8220;0px||0px||false|false&#8220; global_colors_info=&#8220;{}&#8220; open=&#8220;off&#8220;]<\/p>\n<p>Es wurden etwa 120 St\u00fchle und verschiedene Tische (rund oder rechteckig) bereitgestellt.<\/p>\n<p>[\/et_pb_accordion_item][\/et_pb_accordion][\/et_pb_column_inner][et_pb_column_inner type=&#8220;1_2&#8243; saved_specialty_column_type=&#8220;1_2&#8243; _builder_version=&#8220;4.21.0&#8243; _module_preset=&#8220;default&#8220; global_colors_info=&#8220;{}&#8220;][et_pb_image src=&#8220;https:\/\/www.keravel.com\/wp-content\/uploads\/Domaine-de-keravel_Logo-2017_110-110px-1-1.png&#8220; title_text=&#8220;Domaine-de-keravel_Logo-2017_110-110px&#8220; align=&#8220;center&#8220; _builder_version=&#8220;4.21.0&#8243; _module_preset=&#8220;default&#8220; custom_margin=&#8220;0px||0px||false|false&#8220; global_colors_info=&#8220;{}&#8220;][\/et_pb_image][et_pb_text _builder_version=&#8220;4.24.2&#8243; _module_preset=&#8220;default&#8220; custom_margin=&#8220;5px||5px||false|false&#8220; global_colors_info=&#8220;{}&#8220;]<\/p>\n<p style=\"text-align: center;\"><span><strong>Domaine de Keravel<\/strong><\/span><br \/><span>La Trinit\u00e9<\/span><br \/><span>22580 Plouha<\/span><\/p>\n<p style=\"text-align: center;\"><a href=\"mailto:renseignements@keravel.com\">renseignements@keravel.com<\/a><br \/><a href=\"tel:+33296224913\"><span>+332 96 22 49 13<\/span><\/a><\/p>\n<p>[\/et_pb_text][et_pb_text _builder_version=&#8220;4.27.4&#8243; _module_preset=&#8220;default&#8220; custom_margin=&#8220;5px||5px||false|false&#8220; global_colors_info=&#8220;{}&#8220;]<\/p>\n<p style=\"text-align: center;\"><a href=\"https:\/\/mariage-bretagne.net\/lieux-reception\/domaine-de-keravel\"><span><strong>Partner von mariage-bretagne.net<\/strong><\/span><\/a><\/p>\n<p>[\/et_pb_text][\/et_pb_column_inner][\/et_pb_row_inner][\/et_pb_column][et_pb_column type=&#8220;1_2&#8243; _builder_version=&#8220;4.16&#8243; _module_preset=&#8220;default&#8220; custom_padding=&#8220;|||&#8220; global_colors_info=&#8220;{}&#8220; custom_padding__hover=&#8220;|||&#8220;][et_pb_text _builder_version=&#8220;4.25.0&#8243; _module_preset=&#8220;default&#8220; min_height=&#8220;623.5px&#8220; custom_margin=&#8220;-30px||0px||false|false&#8220; custom_padding=&#8220;0px||0px||false|false&#8220; border_width_top=&#8220;1px&#8220; border_color_top=&#8220;#3A505B&#8220; global_colors_info=&#8220;{}&#8220;]\n<div class=\"wpcf7 no-js\" id=\"wpcf7-f33006-o1\" lang=\"de-DE\" dir=\"ltr\" data-wpcf7-id=\"33006\">\n<div class=\"screen-reader-response\"><p role=\"status\" aria-live=\"polite\" aria-atomic=\"true\"><\/p> <ul><\/ul><\/div>\n<form action=\"\/de\/wp-json\/wp\/v2\/pages\/32369#wpcf7-f33006-o1\" method=\"post\" class=\"wpcf7-form init\" aria-label=\"[German] Contact form\" novalidate=\"novalidate\" data-status=\"init\">\n<fieldset class=\"hidden-fields-container\"><input type=\"hidden\" name=\"_wpcf7\" value=\"33006\" \/><input type=\"hidden\" name=\"_wpcf7_version\" value=\"6.1.5\" \/><input type=\"hidden\" name=\"_wpcf7_locale\" value=\"de_DE\" \/><input type=\"hidden\" name=\"_wpcf7_unit_tag\" value=\"wpcf7-f33006-o1\" \/><input type=\"hidden\" name=\"_wpcf7_container_post\" value=\"0\" \/><input type=\"hidden\" name=\"_wpcf7_posted_data_hash\" value=\"\" \/><input type=\"hidden\" name=\"_wpcf7_recaptcha_response\" value=\"\" \/>\n<\/fieldset>\n<p><label> Name * <span class=\"wpcf7-form-control-wrap\" data-name=\"nom\"><input size=\"40\" maxlength=\"400\" class=\"wpcf7-form-control wpcf7-text wpcf7-validates-as-required\" aria-required=\"true\" aria-invalid=\"false\" value=\"\" type=\"text\" name=\"nom\" \/><\/span><\/label><br \/>\n<label> Vorname * <span class=\"wpcf7-form-control-wrap\" data-name=\"prenom\"><input size=\"40\" maxlength=\"400\" class=\"wpcf7-form-control wpcf7-text wpcf7-validates-as-required\" aria-required=\"true\" aria-invalid=\"false\" value=\"\" type=\"text\" name=\"prenom\" \/><\/span><\/label><br \/>\n<label> Ihre E-Mail-Adresse * <span class=\"wpcf7-form-control-wrap\" data-name=\"your-email\"><input size=\"40\" maxlength=\"400\" class=\"wpcf7-form-control wpcf7-email wpcf7-validates-as-required wpcf7-text wpcf7-validates-as-email\" aria-required=\"true\" aria-invalid=\"false\" value=\"\" type=\"email\" name=\"your-email\" \/><\/span><\/label><br \/>\n<label> Telefonnummer * <span class=\"wpcf7-form-control-wrap\" data-name=\"your-Tel\"><input size=\"40\" maxlength=\"400\" class=\"wpcf7-form-control wpcf7-text\" aria-invalid=\"false\" value=\"\" type=\"text\" name=\"your-Tel\" \/><\/span><\/label><label> Ihre Nachricht <span class=\"wpcf7-form-control-wrap\" data-name=\"your-message\"><textarea cols=\"40\" rows=\"2\" maxlength=\"2000\" class=\"wpcf7-form-control wpcf7-textarea\" aria-invalid=\"false\" name=\"your-message\"><\/textarea><\/span><\/label><br \/>\n<br \/>\n<input class=\"wpcf7-form-control wpcf7-submit has-spinner\" type=\"submit\" value=\"Schicken\" \/>\n<\/p><div class=\"wpcf7-response-output\" aria-hidden=\"true\"><\/div>\n<\/form>\n<\/div>\n<\/p>\n<p><script>\ndocument.addEventListener( 'wpcf7mailsent', function ( event ) {\n    gtag( 'event', 'wpcf7_submission', {\n        'event_category': event.detail.contactFormId,\n        'event_label': event.detail.unitTag,\n\t\t'send_to': 'AW-1032481769\/nSnJCOu_kasZEOnXqewD',\n    } );\n}, false );\n<\/script>[\/et_pb_text][\/et_pb_column][\/et_pb_section]<\/p>\n","protected":false},"excerpt":{"rendered":"<p>Hier finden Sie unsere verschiedenen Ferienwohnungen. Die 3 Ferienh\u00e4user, 4 Apartments und Tiny Houses sind ganzj\u00e4hrig ge\u00f6ffnet. Die Zelte k\u00f6nnen unter bestimmten Bedingungen von Mitte Mai bis Ende September gebucht werden. Wir empfehlen Ihnen dringend, sich f\u00fcr Buchungen direkt an uns zu wenden oder unsere Online-Buchungsplattform zu nutzen. Gerne k\u00f6nnen Sie uns f\u00fcr ein Angebot [&hellip;]<\/p>\n","protected":false},"author":1,"featured_media":32370,"parent":0,"menu_order":2,"comment_status":"closed","ping_status":"closed","template":"","meta":{"_et_pb_use_builder":"on","_et_pb_old_content":"","_et_gb_content_width":"","footnotes":""},"class_list":["post-32369","page","type-page","status-publish","has-post-thumbnail","hentry"],"_links":{"self":[{"href":"https:\/\/www.keravel.com\/de\/wp-json\/wp\/v2\/pages\/32369","targetHints":{"allow":["GET"]}}],"collection":[{"href":"https:\/\/www.keravel.com\/de\/wp-json\/wp\/v2\/pages"}],"about":[{"href":"https:\/\/www.keravel.com\/de\/wp-json\/wp\/v2\/types\/page"}],"author":[{"embeddable":true,"href":"https:\/\/www.keravel.com\/de\/wp-json\/wp\/v2\/users\/1"}],"replies":[{"embeddable":true,"href":"https:\/\/www.keravel.com\/de\/wp-json\/wp\/v2\/comments?post=32369"}],"version-history":[{"count":31,"href":"https:\/\/www.keravel.com\/de\/wp-json\/wp\/v2\/pages\/32369\/revisions"}],"predecessor-version":[{"id":33951,"href":"https:\/\/www.keravel.com\/de\/wp-json\/wp\/v2\/pages\/32369\/revisions\/33951"}],"wp:featuredmedia":[{"embeddable":true,"href":"https:\/\/www.keravel.com\/de\/wp-json\/wp\/v2\/media\/32370"}],"wp:attachment":[{"href":"https:\/\/www.keravel.com\/de\/wp-json\/wp\/v2\/media?parent=32369"}],"curies":[{"name":"wp","href":"https:\/\/api.w.org\/{rel}","templated":true}]}}