{"id":32961,"date":"2025-09-24T16:19:45","date_gmt":"2025-09-24T15:19:45","guid":{"rendered":"https:\/\/www.keravel.com\/vacation-rentals\/faq-hosting\/"},"modified":"2026-03-30T11:31:05","modified_gmt":"2026-03-30T10:31:05","slug":"faq-hosting","status":"publish","type":"page","link":"https:\/\/www.keravel.com\/en\/vacation-rentals\/faq-hosting\/","title":{"rendered":"FAQ &#8211; Hosting"},"content":{"rendered":"<section id=\"faq-hebergement\">\n<h1>FAQ Accommodation &amp; Stays \u2013 Domaine de Keravel<\/h1>\n<h2>What types of accommodation do you offer?<\/h2>\n<p>We offer apartments, cottages, tiny houses, safari tents.<\/p>\n<h2>Is there a pool ?<\/h2>\n<p>Yes, a heated outdoor pool is available to our residents.<\/p>\n<h2>Are pets allowed?<\/h2>\n<p>No, animals are no longer allowed due to various hygiene problems.<\/p>\n<h2>What equipment is available?<\/h2>\n<p>The estate features tennis, mini-golf, table tennis, green spaces and free parking.<\/p>\n<p><script type=\"application\/ld+json\">\n{\n  \"@context\": \"https:\/\/schema.org\",\n  \"@type\": \"BreadcrumbList\",\n  \"itemListElement\": [\n    {\n      \"@type\": \"ListItem\",\n      \"position\": 1,\n      \"name\": \"Accueil\",\n      \"item\": \"https:\/\/keravel.com\/\"\n    },\n    {\n      \"@type\": \"ListItem\",\n      \"position\": 2,\n      \"name\": \"H\u00e9bergements\",\n      \"item\": \"https:\/\/keravel.com\/hebergements\"\n    },\n    {\n      \"@type\": \"ListItem\",\n      \"position\": 3,\n      \"name\": \"FAQ H\u00e9bergement\",\n      \"item\": \"https:\/\/keravel.com\/faq-hebergement\"\n    }\n  ]\n}<\/p>\n<p>  \"@type\": \"FAQPage\",\n  \"mainEntity\": [\n    {\n      \"@type\": \"Question\",\n      \"name\": \"Quels types d\u2019h\u00e9bergements proposez-vous ?\",\n      \"acceptedAnswer\": {\n        \"@type\": \"Answer\",\n        \"text\": \"Appartements, g\u00eetes, tiny houses, tentes safari.\"\n      }\n    },\n    {\n      \"@type\": \"Question\",\n      \"name\": \"Y a-t-il une piscine ?\",\n      \"acceptedAnswer\": {\n        \"@type\": \"Answer\",\n        \"text\": \"Oui, une piscine ext\u00e9rieure chauff\u00e9e est accessible \u00e0 nos r\u00e9sidents.\"\n      }\n    },\n    {\n      \"@type\": \"Question\",\n      \"name\": \"Les animaux sont-ils accept\u00e9s ?\",\n      \"acceptedAnswer\": {\n        \"@type\": \"Answer\",\n        \"text\": \"Non, les animaux ne sont plus accept\u00e9s.\"\n      }\n    },\n    {\n      \"@type\": \"Question\",\n      \"name\": \"Quels sont les \u00e9quipements disponibles ?\",\n      \"acceptedAnswer\": {\n        \"@type\": \"Answer\",\n        \"text\": \"Tennis, mini-golf, ping-pong, espaces verts et parking gratuit.\"\n      }\n    }\n  ]\n}\n<\/script><\/p>\n<\/section>\n","protected":false},"excerpt":{"rendered":"<p>FAQ Accommodation &amp; Stays \u2013 Domaine de Keravel What types of accommodation do you offer? We offer apartments, cottages, tiny houses, safari tents. Is there a pool ? Yes, a heated outdoor pool is available to our residents. Are pets allowed? No, animals are no longer allowed due to various hygiene problems. What equipment is [&hellip;]<\/p>\n","protected":false},"author":1,"featured_media":0,"parent":31883,"menu_order":0,"comment_status":"closed","ping_status":"closed","template":"","meta":{"_et_pb_use_builder":"off","_et_pb_old_content":"","_et_gb_content_width":"","footnotes":""},"class_list":["post-32961","page","type-page","status-publish","hentry"],"_links":{"self":[{"href":"https:\/\/www.keravel.com\/en\/wp-json\/wp\/v2\/pages\/32961","targetHints":{"allow":["GET"]}}],"collection":[{"href":"https:\/\/www.keravel.com\/en\/wp-json\/wp\/v2\/pages"}],"about":[{"href":"https:\/\/www.keravel.com\/en\/wp-json\/wp\/v2\/types\/page"}],"author":[{"embeddable":true,"href":"https:\/\/www.keravel.com\/en\/wp-json\/wp\/v2\/users\/1"}],"replies":[{"embeddable":true,"href":"https:\/\/www.keravel.com\/en\/wp-json\/wp\/v2\/comments?post=32961"}],"version-history":[{"count":1,"href":"https:\/\/www.keravel.com\/en\/wp-json\/wp\/v2\/pages\/32961\/revisions"}],"predecessor-version":[{"id":33353,"href":"https:\/\/www.keravel.com\/en\/wp-json\/wp\/v2\/pages\/32961\/revisions\/33353"}],"up":[{"embeddable":true,"href":"https:\/\/www.keravel.com\/en\/wp-json\/wp\/v2\/pages\/31883"}],"wp:attachment":[{"href":"https:\/\/www.keravel.com\/en\/wp-json\/wp\/v2\/media?parent=32961"}],"curies":[{"name":"wp","href":"https:\/\/api.w.org\/{rel}","templated":true}]}}